{"id":1167,"date":"2024-06-11T21:54:25","date_gmt":"2024-06-11T21:54:25","guid":{"rendered":"https:\/\/weekendartistes.fr\/gallery\/"},"modified":"2024-06-11T22:53:54","modified_gmt":"2024-06-11T22:53:54","slug":"gallery","status":"publish","type":"page","link":"https:\/\/weekendartistes.fr\/en\/gallery\/","title":{"rendered":"Gallery"},"content":{"rendered":"\n<div class=\"wp-block-group is-layout-constrained wp-block-group-is-layout-constrained\"><style type=\"text\/css\">\r\n\t#foogallery-gallery-1173 .fg-image {\r\n        width: 200px;\r\n    }\r\n<\/style>\r\n\t\t\t\t<div class=\"foogallery foogallery-container foogallery-default foogallery-lightbox-foogallery fg-gutter-20 fg-center fg-m-col2 fg-default fg-light fg-round-small fg-loading-default fg-loaded-fade-in fg-caption-hover fg-hover-fade fg-hover-zoom fg-ready\" id=\"foogallery-gallery-1173\" data-foogallery=\"{&quot;item&quot;:{&quot;showCaptionTitle&quot;:true,&quot;showCaptionDescription&quot;:true},&quot;lazy&quot;:true,&quot;paging&quot;:{&quot;type&quot;:&quot;dots&quot;,&quot;theme&quot;:&quot;fg-light&quot;,&quot;size&quot;:20,&quot;position&quot;:&quot;bottom&quot;,&quot;scrollToTop&quot;:false,&quot;output&quot;:&quot;&quot;}}\" data-foogallery-lightbox=\"{&quot;thumbs&quot;:&quot;bottom&quot;,&quot;thumbsCaptions&quot;:false,&quot;thumbsBestFit&quot;:false,&quot;thumbsSmall&quot;:true,&quot;thumbsCaptionsAlign&quot;:&quot;default&quot;,&quot;info&quot;:&quot;bottom&quot;,&quot;infoVisible&quot;:true,&quot;infoOverlay&quot;:true,&quot;infoAlign&quot;:&quot;default&quot;,&quot;transition&quot;:&quot;fade&quot;,&quot;hoverButtons&quot;:false,&quot;fitMedia&quot;:false,&quot;noScrollbars&quot;:true,&quot;preserveButtonSpace&quot;:false,&quot;buttons&quot;:{&quot;fullscreen&quot;:false,&quot;info&quot;:false,&quot;thumbs&quot;:false},&quot;video&quot;:{&quot;autoPlay&quot;:true}}\" >\r\n\t<div class=\"fg-item fg-type-image fg-idle\"><figure class=\"fg-item-inner\"><a href=\"https:\/\/weekendartistes.fr\/wp-content\/uploads\/2024\/06\/Screenshot_2025-04-15-12-50-25-517_com.facebook.katana-edit.jpeg\" data-attachment-id=\"1268\" data-type=\"image\" class=\"fg-thumb\"><span class=\"fg-image-wrap\"><img decoding=\"async\" width=\"200\" height=\"200\" class=\"skip-lazy fg-image\" data-src-fg=\"https:\/\/weekendartistes.fr\/wp-content\/uploads\/cache\/2024\/06\/Screenshot_2025-04-15-12-50-25-517_com_facebook_katana-edit\/1676200208.jpeg\" src=\"data:image\/svg+xml,%3Csvg%20xmlns%3D%22http%3A%2F%2Fwww.w3.org%2F2000%2Fsvg%22%20width%3D%22200%22%20height%3D%22200%22%20viewBox%3D%220%200%20200%20200%22%3E%3C%2Fsvg%3E\" loading=\"eager\"><\/span><span class=\"fg-image-overlay\"><\/span><\/a><figcaption class=\"fg-caption\"><div class=\"fg-caption-inner\"><\/div><\/figcaption><\/figure><div class=\"fg-loader\"><\/div><\/div><div class=\"fg-item fg-type-image fg-idle\"><figure class=\"fg-item-inner\"><a href=\"https:\/\/weekendartistes.fr\/wp-content\/uploads\/2024\/06\/ECBFEE41-F7A0-434C-BC37-CF87A50DFF27.jpeg\" data-attachment-id=\"1266\" data-type=\"image\" class=\"fg-thumb\"><span class=\"fg-image-wrap\"><img decoding=\"async\" width=\"200\" height=\"200\" class=\"skip-lazy fg-image\" data-src-fg=\"https:\/\/weekendartistes.fr\/wp-content\/uploads\/cache\/2024\/06\/ECBFEE41-F7A0-434C-BC37-CF87A50DFF27\/335614603.jpeg\" src=\"data:image\/svg+xml,%3Csvg%20xmlns%3D%22http%3A%2F%2Fwww.w3.org%2F2000%2Fsvg%22%20width%3D%22200%22%20height%3D%22200%22%20viewBox%3D%220%200%20200%20200%22%3E%3C%2Fsvg%3E\" loading=\"eager\"><\/span><span class=\"fg-image-overlay\"><\/span><\/a><figcaption class=\"fg-caption\"><div class=\"fg-caption-inner\"><\/div><\/figcaption><\/figure><div class=\"fg-loader\"><\/div><\/div><div class=\"fg-item fg-type-image fg-idle\"><figure class=\"fg-item-inner\"><a href=\"https:\/\/weekendartistes.fr\/wp-content\/uploads\/2024\/06\/7EDF3D55-C54F-416E-AEC5-AD7C16B37E1D.jpeg\" data-attachment-id=\"1264\" data-type=\"image\" class=\"fg-thumb\"><span class=\"fg-image-wrap\"><img decoding=\"async\" width=\"200\" height=\"200\" class=\"skip-lazy fg-image\" data-src-fg=\"https:\/\/weekendartistes.fr\/wp-content\/uploads\/cache\/2024\/06\/7EDF3D55-C54F-416E-AEC5-AD7C16B37E1D\/1723039946.jpeg\" src=\"data:image\/svg+xml,%3Csvg%20xmlns%3D%22http%3A%2F%2Fwww.w3.org%2F2000%2Fsvg%22%20width%3D%22200%22%20height%3D%22200%22%20viewBox%3D%220%200%20200%20200%22%3E%3C%2Fsvg%3E\" loading=\"eager\"><\/span><span class=\"fg-image-overlay\"><\/span><\/a><figcaption class=\"fg-caption\"><div class=\"fg-caption-inner\"><\/div><\/figcaption><\/figure><div class=\"fg-loader\"><\/div><\/div><div class=\"fg-item fg-type-image fg-idle\"><figure class=\"fg-item-inner\"><a href=\"https:\/\/weekendartistes.fr\/wp-content\/uploads\/2024\/05\/graffitipochoir-1.jpeg\" data-attachment-id=\"952\" data-type=\"image\" class=\"fg-thumb\"><span class=\"fg-image-wrap\"><img decoding=\"async\" alt=\"deux hommes\" width=\"200\" height=\"200\" class=\"skip-lazy fg-image\" data-src-fg=\"https:\/\/weekendartistes.fr\/wp-content\/uploads\/cache\/2024\/05\/graffitipochoir-1\/1960830608.jpeg\" src=\"data:image\/svg+xml,%3Csvg%20xmlns%3D%22http%3A%2F%2Fwww.w3.org%2F2000%2Fsvg%22%20width%3D%22200%22%20height%3D%22200%22%20viewBox%3D%220%200%20200%20200%22%3E%3C%2Fsvg%3E\" loading=\"eager\"><\/span><span class=\"fg-image-overlay\"><\/span><\/a><figcaption class=\"fg-caption\"><div class=\"fg-caption-inner\"><\/div><\/figcaption><\/figure><div class=\"fg-loader\"><\/div><\/div><div class=\"fg-item fg-type-image fg-idle\"><figure class=\"fg-item-inner\"><a href=\"https:\/\/weekendartistes.fr\/wp-content\/uploads\/2024\/05\/graffiti_cat.jpeg\" data-attachment-id=\"862\" data-type=\"image\" class=\"fg-thumb\"><span class=\"fg-image-wrap\"><img decoding=\"async\" alt=\"deux hommes\" width=\"200\" height=\"200\" class=\"skip-lazy fg-image\" data-src-fg=\"https:\/\/weekendartistes.fr\/wp-content\/uploads\/cache\/2024\/05\/graffiti_cat\/845126488.jpeg\" src=\"data:image\/svg+xml,%3Csvg%20xmlns%3D%22http%3A%2F%2Fwww.w3.org%2F2000%2Fsvg%22%20width%3D%22200%22%20height%3D%22200%22%20viewBox%3D%220%200%20200%20200%22%3E%3C%2Fsvg%3E\" loading=\"eager\"><\/span><span class=\"fg-image-overlay\"><\/span><\/a><figcaption class=\"fg-caption\"><div class=\"fg-caption-inner\"><\/div><\/figcaption><\/figure><div class=\"fg-loader\"><\/div><\/div><div class=\"fg-item fg-type-image fg-idle\"><figure class=\"fg-item-inner\"><a href=\"https:\/\/weekendartistes.fr\/wp-content\/uploads\/2024\/05\/artopia2023.jpeg\" data-attachment-id=\"860\" data-type=\"image\" class=\"fg-thumb\"><span class=\"fg-image-wrap\"><img decoding=\"async\" alt=\"Un graffiti repr\u00e9sentant un cr\u00e2ne vert entour\u00e9 de nuages violets avec \u00ab Artopia Garden 2023 \u00bb en \u00e9criture rouge\" width=\"200\" height=\"200\" class=\"skip-lazy fg-image\" data-src-fg=\"https:\/\/weekendartistes.fr\/wp-content\/uploads\/cache\/2024\/05\/artopia2023\/2745551351.jpeg\" src=\"data:image\/svg+xml,%3Csvg%20xmlns%3D%22http%3A%2F%2Fwww.w3.org%2F2000%2Fsvg%22%20width%3D%22200%22%20height%3D%22200%22%20viewBox%3D%220%200%20200%20200%22%3E%3C%2Fsvg%3E\" loading=\"eager\"><\/span><span class=\"fg-image-overlay\"><\/span><\/a><figcaption class=\"fg-caption\"><div class=\"fg-caption-inner\"><\/div><\/figcaption><\/figure><div class=\"fg-loader\"><\/div><\/div><div class=\"fg-item fg-type-image fg-idle\"><figure class=\"fg-item-inner\"><a href=\"https:\/\/weekendartistes.fr\/wp-content\/uploads\/2024\/05\/hellesmes2023.jpeg\" data-attachment-id=\"858\" data-type=\"image\" class=\"fg-thumb\"><span class=\"fg-image-wrap\"><img decoding=\"async\" alt=\"Les gens font la queue pour un camion de nourriture par une journ\u00e9e ensoleill\u00e9e\" width=\"200\" height=\"200\" class=\"skip-lazy fg-image\" data-src-fg=\"https:\/\/weekendartistes.fr\/wp-content\/uploads\/cache\/2024\/05\/hellesmes2023\/19483497.jpeg\" src=\"data:image\/svg+xml,%3Csvg%20xmlns%3D%22http%3A%2F%2Fwww.w3.org%2F2000%2Fsvg%22%20width%3D%22200%22%20height%3D%22200%22%20viewBox%3D%220%200%20200%20200%22%3E%3C%2Fsvg%3E\" loading=\"eager\"><\/span><span class=\"fg-image-overlay\"><\/span><\/a><figcaption class=\"fg-caption\"><div class=\"fg-caption-inner\"><\/div><\/figcaption><\/figure><div class=\"fg-loader\"><\/div><\/div><div class=\"fg-item fg-type-image fg-idle\"><figure class=\"fg-item-inner\"><a href=\"https:\/\/weekendartistes.fr\/wp-content\/uploads\/2024\/05\/atelier2023.jpeg\" data-attachment-id=\"856\" data-type=\"image\" class=\"fg-thumb\"><span class=\"fg-image-wrap\"><img decoding=\"async\" alt=\"Un artiste enseigne la s\u00e9rigraphie \u00e0 deux enfants\" width=\"200\" height=\"200\" class=\"skip-lazy fg-image\" data-src-fg=\"https:\/\/weekendartistes.fr\/wp-content\/uploads\/cache\/2024\/05\/atelier2023\/1427444861.jpeg\" src=\"data:image\/svg+xml,%3Csvg%20xmlns%3D%22http%3A%2F%2Fwww.w3.org%2F2000%2Fsvg%22%20width%3D%22200%22%20height%3D%22200%22%20viewBox%3D%220%200%20200%20200%22%3E%3C%2Fsvg%3E\" loading=\"eager\"><\/span><span class=\"fg-image-overlay\"><\/span><\/a><figcaption class=\"fg-caption\"><div class=\"fg-caption-inner\"><\/div><\/figcaption><\/figure><div class=\"fg-loader\"><\/div><\/div><div class=\"fg-item fg-type-image fg-idle\"><figure class=\"fg-item-inner\"><a href=\"https:\/\/weekendartistes.fr\/wp-content\/uploads\/2024\/05\/quaidesartistes.jpeg\" data-attachment-id=\"667\" data-type=\"image\" class=\"fg-thumb\"><span class=\"fg-image-wrap\"><img decoding=\"async\" width=\"200\" height=\"200\" class=\"skip-lazy fg-image\" data-src-fg=\"https:\/\/weekendartistes.fr\/wp-content\/uploads\/cache\/2024\/05\/quaidesartistes\/4119238010.jpeg\" src=\"data:image\/svg+xml,%3Csvg%20xmlns%3D%22http%3A%2F%2Fwww.w3.org%2F2000%2Fsvg%22%20width%3D%22200%22%20height%3D%22200%22%20viewBox%3D%220%200%20200%20200%22%3E%3C%2Fsvg%3E\" loading=\"eager\"><\/span><span class=\"fg-image-overlay\"><\/span><\/a><figcaption class=\"fg-caption\"><div class=\"fg-caption-inner\"><\/div><\/figcaption><\/figure><div class=\"fg-loader\"><\/div><\/div><div class=\"fg-item fg-type-image fg-idle\"><figure class=\"fg-item-inner\"><a href=\"https:\/\/weekendartistes.fr\/wp-content\/uploads\/2024\/04\/brasston.jpg\" data-caption-title=\"Screenshot\" data-attachment-id=\"506\" data-type=\"image\" class=\"fg-thumb\"><span class=\"fg-image-wrap\"><img decoding=\"async\" title=\"Screenshot\" width=\"200\" height=\"200\" class=\"skip-lazy fg-image\" data-src-fg=\"https:\/\/weekendartistes.fr\/wp-content\/uploads\/cache\/2024\/04\/brasston\/780576597.jpg\" src=\"data:image\/svg+xml,%3Csvg%20xmlns%3D%22http%3A%2F%2Fwww.w3.org%2F2000%2Fsvg%22%20width%3D%22200%22%20height%3D%22200%22%20viewBox%3D%220%200%20200%20200%22%3E%3C%2Fsvg%3E\" loading=\"eager\"><\/span><span class=\"fg-image-overlay\"><\/span><\/a><figcaption class=\"fg-caption\"><div class=\"fg-caption-inner\"><div class=\"fg-caption-title\">Screenshot<\/div><\/div><\/figcaption><\/figure><div class=\"fg-loader\"><\/div><\/div><div class=\"fg-item fg-type-image fg-idle\"><figure class=\"fg-item-inner\"><a href=\"https:\/\/weekendartistes.fr\/wp-content\/uploads\/2024\/04\/IMG_8146.jpg\" data-caption-title=\"Screenshot\" data-attachment-id=\"505\" data-type=\"image\" class=\"fg-thumb\"><span class=\"fg-image-wrap\"><img decoding=\"async\" title=\"Screenshot\" width=\"200\" height=\"200\" class=\"skip-lazy fg-image\" data-src-fg=\"https:\/\/weekendartistes.fr\/wp-content\/uploads\/cache\/2024\/04\/IMG_8146\/691715881.jpg\" src=\"data:image\/svg+xml,%3Csvg%20xmlns%3D%22http%3A%2F%2Fwww.w3.org%2F2000%2Fsvg%22%20width%3D%22200%22%20height%3D%22200%22%20viewBox%3D%220%200%20200%20200%22%3E%3C%2Fsvg%3E\" loading=\"eager\"><\/span><span class=\"fg-image-overlay\"><\/span><\/a><figcaption class=\"fg-caption\"><div class=\"fg-caption-inner\"><div class=\"fg-caption-title\">Screenshot<\/div><\/div><\/figcaption><\/figure><div class=\"fg-loader\"><\/div><\/div><\/div>\r\n<\/div>\n","protected":false},"excerpt":{"rendered":"","protected":false},"author":1,"featured_media":0,"parent":0,"menu_order":0,"comment_status":"closed","ping_status":"closed","template":"","meta":{"site-sidebar-layout":"default","site-content-layout":"","ast-site-content-layout":"","site-content-style":"default","site-sidebar-style":"default","ast-global-header-display":"","ast-banner-title-visibility":"","ast-main-header-display":"","ast-hfb-above-header-display":"","ast-hfb-below-header-display":"","ast-hfb-mobile-header-display":"","site-post-title":"","ast-breadcrumbs-content":"","ast-featured-img":"","footer-sml-layout":"","theme-transparent-header-meta":"","adv-header-id-meta":"","stick-header-meta":"","header-above-stick-meta":"","header-main-stick-meta":"","header-below-stick-meta":"","astra-migrate-meta-layouts":"default","ast-page-background-enabled":"default","ast-page-background-meta":{"desktop":{"background-color":"var(--ast-global-color-4)","background-image":"","background-repeat":"repeat","background-position":"center center","background-size":"auto","background-attachment":"scroll","background-type":"","background-media":"","overlay-type":"","overlay-color":"","overlay-gradient":""},"tablet":{"background-color":"","background-image":"","background-repeat":"repeat","background-position":"center center","background-size":"auto","background-attachment":"scroll","background-type":"","background-media":"","overlay-type":"","overlay-color":"","overlay-gradient":""},"mobile":{"background-color":"","background-image":"","background-repeat":"repeat","background-position":"center center","background-size":"auto","background-attachment":"scroll","background-type":"","background-media":"","overlay-type":"","overlay-color":"","overlay-gradient":""}},"ast-content-background-meta":{"desktop":{"background-color":"var(--ast-global-color-5)","background-image":"","background-repeat":"repeat","background-position":"center center","background-size":"auto","background-attachment":"scroll","background-type":"","background-media":"","overlay-type":"","overlay-color":"","overlay-gradient":""},"tablet":{"background-color":"var(--ast-global-color-5)","background-image":"","background-repeat":"repeat","background-position":"center center","background-size":"auto","background-attachment":"scroll","background-type":"","background-media":"","overlay-type":"","overlay-color":"","overlay-gradient":""},"mobile":{"background-color":"var(--ast-global-color-5)","background-image":"","background-repeat":"repeat","background-position":"center center","background-size":"auto","background-attachment":"scroll","background-type":"","background-media":"","overlay-type":"","overlay-color":"","overlay-gradient":""}},"footnotes":""},"yoast_head":"<!-- This site is optimized with the Yoast SEO plugin v22.8 - https:\/\/yoast.com\/wordpress\/plugins\/seo\/ -->\n<title>Gallery - WEEKEND&#039;ARTISTES<\/title>\n<meta name=\"robots\" content=\"index, follow, max-snippet:-1, max-image-preview:large, max-video-preview:-1\" \/>\n<link rel=\"canonical\" href=\"https:\/\/weekendartistes.fr\/en\/gallery\/\" \/>\n<meta property=\"og:locale\" content=\"en_GB\" \/>\n<meta property=\"og:type\" content=\"article\" \/>\n<meta property=\"og:title\" content=\"Gallery - WEEKEND&#039;ARTISTES\" \/>\n<meta property=\"og:url\" content=\"https:\/\/weekendartistes.fr\/en\/gallery\/\" \/>\n<meta property=\"og:site_name\" content=\"WEEKEND&#039;ARTISTES\" \/>\n<meta property=\"article:publisher\" content=\"https:\/\/www.facebook.com\/weekendartistes\/\" \/>\n<meta property=\"article:modified_time\" content=\"2024-06-11T22:53:54+00:00\" \/>\n<meta name=\"twitter:card\" content=\"summary_large_image\" \/>\n<script type=\"application\/ld+json\" class=\"yoast-schema-graph\">{\"@context\":\"https:\/\/schema.org\",\"@graph\":[{\"@type\":\"WebPage\",\"@id\":\"https:\/\/weekendartistes.fr\/en\/gallery\/\",\"url\":\"https:\/\/weekendartistes.fr\/en\/gallery\/\",\"name\":\"Gallery - WEEKEND&#039;ARTISTES\",\"isPartOf\":{\"@id\":\"https:\/\/weekendartistes.fr\/#website\"},\"datePublished\":\"2024-06-11T21:54:25+00:00\",\"dateModified\":\"2024-06-11T22:53:54+00:00\",\"breadcrumb\":{\"@id\":\"https:\/\/weekendartistes.fr\/en\/gallery\/#breadcrumb\"},\"inLanguage\":\"en-GB\",\"potentialAction\":[{\"@type\":\"ReadAction\",\"target\":[\"https:\/\/weekendartistes.fr\/en\/gallery\/\"]}]},{\"@type\":\"BreadcrumbList\",\"@id\":\"https:\/\/weekendartistes.fr\/en\/gallery\/#breadcrumb\",\"itemListElement\":[{\"@type\":\"ListItem\",\"position\":1,\"name\":\"Accueil\",\"item\":\"https:\/\/weekendartistes.fr\/en\/\"},{\"@type\":\"ListItem\",\"position\":2,\"name\":\"Gallery\"}]},{\"@type\":\"WebSite\",\"@id\":\"https:\/\/weekendartistes.fr\/#website\",\"url\":\"https:\/\/weekendartistes.fr\/\",\"name\":\"WEEKEND'ARTISTES\",\"description\":\"\",\"publisher\":{\"@id\":\"https:\/\/weekendartistes.fr\/#organization\"},\"potentialAction\":[{\"@type\":\"SearchAction\",\"target\":{\"@type\":\"EntryPoint\",\"urlTemplate\":\"https:\/\/weekendartistes.fr\/?s={search_term_string}\"},\"query-input\":\"required name=search_term_string\"}],\"inLanguage\":\"en-GB\"},{\"@type\":\"Organization\",\"@id\":\"https:\/\/weekendartistes.fr\/#organization\",\"name\":\"WEEKEND'ARTISTES\",\"url\":\"https:\/\/weekendartistes.fr\/\",\"logo\":{\"@type\":\"ImageObject\",\"inLanguage\":\"en-GB\",\"@id\":\"https:\/\/weekendartistes.fr\/#\/schema\/logo\/image\/\",\"url\":\"https:\/\/weekendartistes.fr\/wp-content\/uploads\/2024\/04\/image-1.png\",\"contentUrl\":\"https:\/\/weekendartistes.fr\/wp-content\/uploads\/2024\/04\/image-1.png\",\"width\":600,\"height\":285,\"caption\":\"WEEKEND'ARTISTES\"},\"image\":{\"@id\":\"https:\/\/weekendartistes.fr\/#\/schema\/logo\/image\/\"},\"sameAs\":[\"https:\/\/www.facebook.com\/weekendartistes\/\",\"https:\/\/www.instagram.com\/weekendartistes_collectif\/\",\"https:\/\/www.youtube.com\/channel\/UCGN0uWAtadaOFnQSSakBU-Q\",\"https:\/\/www.linkedin.com\/in\/weekend-artistes-collectif-046296b4\/\"]}]}<\/script>\n<!-- \/ Yoast SEO plugin. -->","yoast_head_json":{"title":"Gallery - WEEKEND&#039;ARTISTES","robots":{"index":"index","follow":"follow","max-snippet":"max-snippet:-1","max-image-preview":"max-image-preview:large","max-video-preview":"max-video-preview:-1"},"canonical":"https:\/\/weekendartistes.fr\/en\/gallery\/","og_locale":"en_GB","og_type":"article","og_title":"Gallery - WEEKEND&#039;ARTISTES","og_url":"https:\/\/weekendartistes.fr\/en\/gallery\/","og_site_name":"WEEKEND&#039;ARTISTES","article_publisher":"https:\/\/www.facebook.com\/weekendartistes\/","article_modified_time":"2024-06-11T22:53:54+00:00","twitter_card":"summary_large_image","schema":{"@context":"https:\/\/schema.org","@graph":[{"@type":"WebPage","@id":"https:\/\/weekendartistes.fr\/en\/gallery\/","url":"https:\/\/weekendartistes.fr\/en\/gallery\/","name":"Gallery - WEEKEND&#039;ARTISTES","isPartOf":{"@id":"https:\/\/weekendartistes.fr\/#website"},"datePublished":"2024-06-11T21:54:25+00:00","dateModified":"2024-06-11T22:53:54+00:00","breadcrumb":{"@id":"https:\/\/weekendartistes.fr\/en\/gallery\/#breadcrumb"},"inLanguage":"en-GB","potentialAction":[{"@type":"ReadAction","target":["https:\/\/weekendartistes.fr\/en\/gallery\/"]}]},{"@type":"BreadcrumbList","@id":"https:\/\/weekendartistes.fr\/en\/gallery\/#breadcrumb","itemListElement":[{"@type":"ListItem","position":1,"name":"Accueil","item":"https:\/\/weekendartistes.fr\/en\/"},{"@type":"ListItem","position":2,"name":"Gallery"}]},{"@type":"WebSite","@id":"https:\/\/weekendartistes.fr\/#website","url":"https:\/\/weekendartistes.fr\/","name":"WEEKEND'ARTISTES","description":"","publisher":{"@id":"https:\/\/weekendartistes.fr\/#organization"},"potentialAction":[{"@type":"SearchAction","target":{"@type":"EntryPoint","urlTemplate":"https:\/\/weekendartistes.fr\/?s={search_term_string}"},"query-input":"required name=search_term_string"}],"inLanguage":"en-GB"},{"@type":"Organization","@id":"https:\/\/weekendartistes.fr\/#organization","name":"WEEKEND'ARTISTES","url":"https:\/\/weekendartistes.fr\/","logo":{"@type":"ImageObject","inLanguage":"en-GB","@id":"https:\/\/weekendartistes.fr\/#\/schema\/logo\/image\/","url":"https:\/\/weekendartistes.fr\/wp-content\/uploads\/2024\/04\/image-1.png","contentUrl":"https:\/\/weekendartistes.fr\/wp-content\/uploads\/2024\/04\/image-1.png","width":600,"height":285,"caption":"WEEKEND'ARTISTES"},"image":{"@id":"https:\/\/weekendartistes.fr\/#\/schema\/logo\/image\/"},"sameAs":["https:\/\/www.facebook.com\/weekendartistes\/","https:\/\/www.instagram.com\/weekendartistes_collectif\/","https:\/\/www.youtube.com\/channel\/UCGN0uWAtadaOFnQSSakBU-Q","https:\/\/www.linkedin.com\/in\/weekend-artistes-collectif-046296b4\/"]}]}},"_links":{"self":[{"href":"https:\/\/weekendartistes.fr\/en\/wp-json\/wp\/v2\/pages\/1167"}],"collection":[{"href":"https:\/\/weekendartistes.fr\/en\/wp-json\/wp\/v2\/pages"}],"about":[{"href":"https:\/\/weekendartistes.fr\/en\/wp-json\/wp\/v2\/types\/page"}],"author":[{"embeddable":true,"href":"https:\/\/weekendartistes.fr\/en\/wp-json\/wp\/v2\/users\/1"}],"replies":[{"embeddable":true,"href":"https:\/\/weekendartistes.fr\/en\/wp-json\/wp\/v2\/comments?post=1167"}],"version-history":[{"count":7,"href":"https:\/\/weekendartistes.fr\/en\/wp-json\/wp\/v2\/pages\/1167\/revisions"}],"predecessor-version":[{"id":1228,"href":"https:\/\/weekendartistes.fr\/en\/wp-json\/wp\/v2\/pages\/1167\/revisions\/1228"}],"wp:attachment":[{"href":"https:\/\/weekendartistes.fr\/en\/wp-json\/wp\/v2\/media?parent=1167"}],"curies":[{"name":"wp","href":"https:\/\/api.w.org\/{rel}","templated":true}]}}