{"id":659,"date":"2024-04-30T16:24:45","date_gmt":"2024-04-30T16:24:45","guid":{"rendered":"https:\/\/weekendartistes.fr\/about-us\/"},"modified":"2024-06-11T18:14:13","modified_gmt":"2024-06-11T18:14:13","slug":"about-us","status":"publish","type":"page","link":"https:\/\/weekendartistes.fr\/en\/about-us\/","title":{"rendered":"About us"},"content":{"rendered":"\n<div class=\"wp-block-group has-ast-global-color-4-background-color has-background is-layout-constrained wp-block-group-is-layout-constrained\" style=\"padding-top:5rem;padding-bottom:5rem\">\n<div class=\"wp-block-columns is-layout-flex wp-container-core-columns-is-layout-1 wp-block-columns-is-layout-flex\">\n<div class=\"wp-block-column is-vertically-aligned-center is-layout-flow wp-block-column-is-layout-flow\" style=\"flex-basis:66.66%\">\n<h2 class=\"wp-block-heading\">Get to know Weekend\u2019Artistes <\/h2>\n\n\n\n<p><em><strong>Innovation and Accessibility in Art in Lille<\/strong><\/em><\/p>\n\n\n\n<p>Weekend&#8217;artistes is a Lille-based association founded in 2009 and is devoted to the encouragement and development of creativity. We are accessible to everyone from amateurs to professionals and offer a wide range of artistic workshops. We are also a major player in organizing cultural events that benefit the local community. Over the years, our community has welcomed many artists, including painters, photographers, sculptors, cartoonists, and graffiti artists. These diverse talents contribute to <strong>every event and workshop<\/strong> we host, reflecting the diversity of our artistic community and our commitment to art in all its forms.   <\/p>\n<\/div>\n\n\n\n<div class=\"wp-block-column is-layout-flow wp-block-column-is-layout-flow\" style=\"flex-basis:33.33%\">\n<figure class=\"wp-block-image size-large has-custom-border is-style-default\"><img loading=\"lazy\" decoding=\"async\" width=\"1024\" height=\"1024\" src=\"https:\/\/weekendartistes.fr\/wp-content\/uploads\/2024\/05\/graffiti_cat-1024x1024.jpeg\" alt=\"two men spray painting a big cat on a building\" class=\"wp-image-861\" style=\"border-radius:10%;object-fit:cover\" srcset=\"https:\/\/weekendartistes.fr\/wp-content\/uploads\/2024\/05\/graffiti_cat-1024x1024.jpeg 1024w, https:\/\/weekendartistes.fr\/wp-content\/uploads\/2024\/05\/graffiti_cat-300x300.jpeg 300w, https:\/\/weekendartistes.fr\/wp-content\/uploads\/2024\/05\/graffiti_cat-150x150.jpeg 150w, https:\/\/weekendartistes.fr\/wp-content\/uploads\/2024\/05\/graffiti_cat-768x768.jpeg 768w, https:\/\/weekendartistes.fr\/wp-content\/uploads\/2024\/05\/graffiti_cat.jpeg 1440w\" sizes=\"(max-width: 1024px) 100vw, 1024px\" \/><\/figure><\/div>\n<\/div>\n<\/div>\n\n<div class=\"wp-block-group is-layout-constrained wp-block-group-is-layout-constrained\" style=\"padding-top:5rem;padding-bottom:5rem\">\n<div class=\"wp-block-columns is-layout-flex wp-container-core-columns-is-layout-2 wp-block-columns-is-layout-flex\">\n<div class=\"wp-block-column is-layout-flow wp-block-column-is-layout-flow\" style=\"flex-basis:33.33%\">\n<figure class=\"wp-block-image size-large has-custom-border is-style-default\"><img loading=\"lazy\" decoding=\"async\" width=\"768\" height=\"1024\" src=\"https:\/\/weekendartistes.fr\/wp-content\/uploads\/2024\/05\/atelier2023-768x1024.jpeg\" alt=\"An artist teaches screen printing to two children\" class=\"wp-image-855\" style=\"border-radius:10%;aspect-ratio:1;object-fit:cover\" srcset=\"https:\/\/weekendartistes.fr\/wp-content\/uploads\/2024\/05\/atelier2023-768x1024.jpeg 768w, https:\/\/weekendartistes.fr\/wp-content\/uploads\/2024\/05\/atelier2023-225x300.jpeg 225w, https:\/\/weekendartistes.fr\/wp-content\/uploads\/2024\/05\/atelier2023-1152x1536.jpeg 1152w, https:\/\/weekendartistes.fr\/wp-content\/uploads\/2024\/05\/atelier2023.jpeg 1536w\" sizes=\"(max-width: 768px) 100vw, 768px\" \/><\/figure><\/div>\n\n\n\n<div class=\"wp-block-column is-vertically-aligned-center is-layout-flow wp-block-column-is-layout-flow\" style=\"flex-basis:66.66%\">\n<h2 class=\"wp-block-heading\">Our Inspiring Workshops<\/h2>\n\n\n\n<ul>\n<li><strong>Linocut<\/strong>: Perfect for both beginners and experts, this workshop allows you to sculpt and print creations on paper.<\/li>\n\n\n\n<li><strong>Silkscreen<\/strong>: Learn to print vivid patterns on various materials, a key skill for creative expression.<\/li>\n\n\n\n<li><strong>Gelpress<\/strong>: Explore the simple yet impressive creation of visual textures with gel plates.<\/li>\n\n\n\n<li><strong>Graffiti and Stencils<\/strong>: Express yourself in urban space with these energetic techniques.<\/li>\n<\/ul>\n\n\n\n<p>To learn more about our various workshops and how to unleash your creative potential through them, check out our workshops in Lille. (lien vers notre page des Ateliers) <\/p>\n\n\n\n<div class=\"wp-block-buttons is-layout-flex wp-block-buttons-is-layout-flex\">\n<div class=\"wp-block-button\"><a class=\"wp-block-button__link wp-element-button\" href=\"https:\/\/weekendartistes.fr\/ateliers\/\">Discover our workshops<\/a><\/div>\n<\/div>\n<\/div>\n<\/div>\n<\/div>\n\n<div class=\"wp-block-group has-ast-global-color-4-background-color has-background is-layout-constrained wp-block-group-is-layout-constrained\" style=\"padding-top:5rem;padding-bottom:5rem\">\n<div class=\"wp-block-columns is-layout-flex wp-container-core-columns-is-layout-3 wp-block-columns-is-layout-flex\">\n<div class=\"wp-block-column is-vertically-aligned-center is-layout-flow wp-block-column-is-layout-flow\" style=\"flex-basis:66.66%\">\n<h2 class=\"wp-block-heading\">Community Involvement and Cultural Events<\/h2>\n\n\n\n<p>En tant qu&#8217;acteur culturel dynamique \u00e0 Lille, Weekend&#8217;Artistes organise r\u00e9guli\u00e8rement des \u00e9v\u00e9nements qui transforment les espaces publics en galeries ouvertes, favorisant l&#8217;interaction sociale et culturelle. Parmi nos initiatives marquantes : D\u00e9couvrez <a href=\"https:\/\/weekendartistes.fr\/event\/brasston-art-festival\/\" data-type=\"event_listing\" data-id=\"199\">BRASS\u2019TON ART FESTIVAL<\/a> qui convertit un lieu historique en une galerie \u00e0 ciel ouvert et explorez <a href=\"https:\/\/weekendartistes.fr\/event\/art-conserve-2023\/\" data-type=\"event_listing\" data-id=\"474\">l&#8217;Art Conserve<\/a> qui transforme des bo\u00eetes de conserve en \u0153uvres artistiques, aidant ainsi les personnes d\u00e9munies \u00e0 acc\u00e9der \u00e0 l&#8217;aide alimentaire non traditionnelle. Ces festivals et bien d&#8217;autres initiatives de Weekend&#8217;Artistes ne sont pas seulement des \u00e9v\u00e9nements, mais des plateformes dynamiques pour<strong> l&#8217;expression artistique<\/strong> et <strong>la solidarit\u00e9 communautaire<\/strong>.<\/p>\n\n\n\n<div class=\"wp-block-buttons is-layout-flex wp-block-buttons-is-layout-flex\">\n<div class=\"wp-block-button\"><a class=\"wp-block-button__link wp-element-button\" href=\"https:\/\/weekendartistes.fr\/evenements-a-venir\/\">Discover our events<\/a><\/div>\n<\/div>\n<\/div>\n\n\n\n<div class=\"wp-block-column is-layout-flow wp-block-column-is-layout-flow\" style=\"flex-basis:33.33%\">\n<figure class=\"wp-block-image size-large has-custom-border is-style-default\"><img loading=\"lazy\" decoding=\"async\" width=\"1024\" height=\"1024\" src=\"https:\/\/weekendartistes.fr\/wp-content\/uploads\/2024\/05\/hellesmes2023-1024x1024.jpeg\" alt=\"People lining up for a food truck on a sunny day\" class=\"wp-image-857\" style=\"border-radius:10%;object-fit:cover\" srcset=\"https:\/\/weekendartistes.fr\/wp-content\/uploads\/2024\/05\/hellesmes2023-1024x1024.jpeg 1024w, https:\/\/weekendartistes.fr\/wp-content\/uploads\/2024\/05\/hellesmes2023-300x300.jpeg 300w, https:\/\/weekendartistes.fr\/wp-content\/uploads\/2024\/05\/hellesmes2023-150x150.jpeg 150w, https:\/\/weekendartistes.fr\/wp-content\/uploads\/2024\/05\/hellesmes2023-768x768.jpeg 768w, https:\/\/weekendartistes.fr\/wp-content\/uploads\/2024\/05\/hellesmes2023.jpeg 1440w\" sizes=\"(max-width: 1024px) 100vw, 1024px\" \/><\/figure><\/div>\n<\/div>\n<\/div>\n\n<div class=\"wp-block-group is-layout-constrained wp-block-group-is-layout-constrained\" style=\"padding-top:5rem;padding-bottom:5rem\">\n<div class=\"wp-block-columns is-layout-flex wp-container-core-columns-is-layout-4 wp-block-columns-is-layout-flex\">\n<div class=\"wp-block-column is-layout-flow wp-block-column-is-layout-flow\" style=\"flex-basis:33.33%\">\n<figure class=\"wp-block-image size-large has-custom-border is-style-default\"><img loading=\"lazy\" decoding=\"async\" width=\"768\" height=\"1024\" src=\"https:\/\/weekendartistes.fr\/wp-content\/uploads\/2024\/05\/artopia2023-768x1024.jpeg\" alt=\"Graffiti of a green skull surrounded by purple clouds with &quot;Artopia Garden 2023&quot; written in red\" class=\"wp-image-859\" style=\"border-radius:10%;aspect-ratio:1;object-fit:cover\" srcset=\"https:\/\/weekendartistes.fr\/wp-content\/uploads\/2024\/05\/artopia2023-768x1024.jpeg 768w, https:\/\/weekendartistes.fr\/wp-content\/uploads\/2024\/05\/artopia2023-225x300.jpeg 225w, https:\/\/weekendartistes.fr\/wp-content\/uploads\/2024\/05\/artopia2023-1152x1536.jpeg 1152w, https:\/\/weekendartistes.fr\/wp-content\/uploads\/2024\/05\/artopia2023.jpeg 1536w\" sizes=\"(max-width: 768px) 100vw, 768px\" \/><\/figure><\/div>\n\n\n\n<div class=\"wp-block-column is-vertically-aligned-center is-layout-flow wp-block-column-is-layout-flow\" style=\"flex-basis:66.66%\">\n<h2 class=\"wp-block-heading\">Join us for an Artistic Journey<\/h2>\n\n\n\n<p>Weekend&#8217;Artistes invites anyone interested in art, in developing their skills, or companies wanting to host a unique corporate event to join us. To participate and get involved, contact us now! Discover how art can improve your personal and professional life.<\/p>\n\n\n\n<p>We remain true to our motto: \u201c<strong>Art everywhere, Art for everyone<\/strong>\u201d. Join us in immersing yourself in the world of art with Weekend Artistes, a community that celebrates and supports creativity.<\/p>\n\n\n\n<div class=\"wp-block-buttons is-layout-flex wp-block-buttons-is-layout-flex\">\n<div class=\"wp-block-button\"><a class=\"wp-block-button__link wp-element-button\" href=\"https:\/\/weekendartistes.fr\/contact\/\">Contact us<\/a><\/div>\n<\/div>\n<\/div>\n<\/div>\n<\/div>\n","protected":false},"excerpt":{"rendered":"<p>Get to know Weekend\u2019Artistes Innovation and Accessibility in Art in Lille Weekend&#8217;artistes is a Lille-based association founded in 2009 and [&hellip;]<\/p>\n","protected":false},"author":1,"featured_media":0,"parent":0,"menu_order":0,"comment_status":"closed","ping_status":"closed","template":"","meta":{"site-sidebar-layout":"default","site-content-layout":"","ast-site-content-layout":"","site-content-style":"default","site-sidebar-style":"default","ast-global-header-display":"","ast-banner-title-visibility":"","ast-main-header-display":"","ast-hfb-above-header-display":"","ast-hfb-below-header-display":"","ast-hfb-mobile-header-display":"","site-post-title":"","ast-breadcrumbs-content":"","ast-featured-img":"","footer-sml-layout":"","theme-transparent-header-meta":"","adv-header-id-meta":"","stick-header-meta":"","header-above-stick-meta":"","header-main-stick-meta":"","header-below-stick-meta":"","astra-migrate-meta-layouts":"default","ast-page-background-enabled":"default","ast-page-background-meta":{"desktop":{"background-color":"var(--ast-global-color-4)","background-image":"","background-repeat":"repeat","background-position":"center center","background-size":"auto","background-attachment":"scroll","background-type":"","background-media":"","overlay-type":"","overlay-color":"","overlay-gradient":""},"tablet":{"background-color":"","background-image":"","background-repeat":"repeat","background-position":"center center","background-size":"auto","background-attachment":"scroll","background-type":"","background-media":"","overlay-type":"","overlay-color":"","overlay-gradient":""},"mobile":{"background-color":"","background-image":"","background-repeat":"repeat","background-position":"center center","background-size":"auto","background-attachment":"scroll","background-type":"","background-media":"","overlay-type":"","overlay-color":"","overlay-gradient":""}},"ast-content-background-meta":{"desktop":{"background-color":"var(--ast-global-color-5)","background-image":"","background-repeat":"repeat","background-position":"center center","background-size":"auto","background-attachment":"scroll","background-type":"","background-media":"","overlay-type":"","overlay-color":"","overlay-gradient":""},"tablet":{"background-color":"var(--ast-global-color-5)","background-image":"","background-repeat":"repeat","background-position":"center center","background-size":"auto","background-attachment":"scroll","background-type":"","background-media":"","overlay-type":"","overlay-color":"","overlay-gradient":""},"mobile":{"background-color":"var(--ast-global-color-5)","background-image":"","background-repeat":"repeat","background-position":"center center","background-size":"auto","background-attachment":"scroll","background-type":"","background-media":"","overlay-type":"","overlay-color":"","overlay-gradient":""}},"footnotes":""},"yoast_head":"<!-- This site is optimized with the Yoast SEO plugin v22.8 - https:\/\/yoast.com\/wordpress\/plugins\/seo\/ -->\n<title>About us - WEEKEND&#039;ARTISTES<\/title>\n<meta name=\"robots\" content=\"index, follow, max-snippet:-1, max-image-preview:large, max-video-preview:-1\" \/>\n<link rel=\"canonical\" href=\"https:\/\/weekendartistes.fr\/en\/about-us\/\" \/>\n<meta property=\"og:locale\" content=\"en_GB\" \/>\n<meta property=\"og:type\" content=\"article\" \/>\n<meta property=\"og:title\" content=\"About us - WEEKEND&#039;ARTISTES\" \/>\n<meta property=\"og:description\" content=\"Get to know Weekend\u2019Artistes Innovation and Accessibility in Art in Lille Weekend&#8217;artistes is a Lille-based association founded in 2009 and [&hellip;]\" \/>\n<meta property=\"og:url\" content=\"https:\/\/weekendartistes.fr\/en\/about-us\/\" \/>\n<meta property=\"og:site_name\" content=\"WEEKEND&#039;ARTISTES\" \/>\n<meta property=\"article:publisher\" content=\"https:\/\/www.facebook.com\/weekendartistes\/\" \/>\n<meta property=\"article:modified_time\" content=\"2024-06-11T18:14:13+00:00\" \/>\n<meta property=\"og:image\" content=\"https:\/\/weekendartistes.fr\/wp-content\/uploads\/2024\/05\/graffiti_cat-1024x1024.jpeg\" \/>\n<meta name=\"twitter:card\" content=\"summary_large_image\" \/>\n<meta name=\"twitter:label1\" content=\"Estimated reading time\" \/>\n\t<meta name=\"twitter:data1\" content=\"2 minutes\" \/>\n<script type=\"application\/ld+json\" class=\"yoast-schema-graph\">{\"@context\":\"https:\/\/schema.org\",\"@graph\":[{\"@type\":\"WebPage\",\"@id\":\"https:\/\/weekendartistes.fr\/en\/about-us\/\",\"url\":\"https:\/\/weekendartistes.fr\/en\/about-us\/\",\"name\":\"About us - WEEKEND&#039;ARTISTES\",\"isPartOf\":{\"@id\":\"https:\/\/weekendartistes.fr\/#website\"},\"primaryImageOfPage\":{\"@id\":\"https:\/\/weekendartistes.fr\/en\/about-us\/#primaryimage\"},\"image\":{\"@id\":\"https:\/\/weekendartistes.fr\/en\/about-us\/#primaryimage\"},\"thumbnailUrl\":\"https:\/\/weekendartistes.fr\/wp-content\/uploads\/2024\/05\/graffiti_cat-1024x1024.jpeg\",\"datePublished\":\"2024-04-30T16:24:45+00:00\",\"dateModified\":\"2024-06-11T18:14:13+00:00\",\"breadcrumb\":{\"@id\":\"https:\/\/weekendartistes.fr\/en\/about-us\/#breadcrumb\"},\"inLanguage\":\"en-GB\",\"potentialAction\":[{\"@type\":\"ReadAction\",\"target\":[\"https:\/\/weekendartistes.fr\/en\/about-us\/\"]}]},{\"@type\":\"ImageObject\",\"inLanguage\":\"en-GB\",\"@id\":\"https:\/\/weekendartistes.fr\/en\/about-us\/#primaryimage\",\"url\":\"https:\/\/weekendartistes.fr\/wp-content\/uploads\/2024\/05\/graffiti_cat-1024x1024.jpeg\",\"contentUrl\":\"https:\/\/weekendartistes.fr\/wp-content\/uploads\/2024\/05\/graffiti_cat-1024x1024.jpeg\"},{\"@type\":\"BreadcrumbList\",\"@id\":\"https:\/\/weekendartistes.fr\/en\/about-us\/#breadcrumb\",\"itemListElement\":[{\"@type\":\"ListItem\",\"position\":1,\"name\":\"Accueil\",\"item\":\"https:\/\/weekendartistes.fr\/en\/\"},{\"@type\":\"ListItem\",\"position\":2,\"name\":\"About us\"}]},{\"@type\":\"WebSite\",\"@id\":\"https:\/\/weekendartistes.fr\/#website\",\"url\":\"https:\/\/weekendartistes.fr\/\",\"name\":\"WEEKEND'ARTISTES\",\"description\":\"\",\"publisher\":{\"@id\":\"https:\/\/weekendartistes.fr\/#organization\"},\"potentialAction\":[{\"@type\":\"SearchAction\",\"target\":{\"@type\":\"EntryPoint\",\"urlTemplate\":\"https:\/\/weekendartistes.fr\/?s={search_term_string}\"},\"query-input\":\"required name=search_term_string\"}],\"inLanguage\":\"en-GB\"},{\"@type\":\"Organization\",\"@id\":\"https:\/\/weekendartistes.fr\/#organization\",\"name\":\"WEEKEND'ARTISTES\",\"url\":\"https:\/\/weekendartistes.fr\/\",\"logo\":{\"@type\":\"ImageObject\",\"inLanguage\":\"en-GB\",\"@id\":\"https:\/\/weekendartistes.fr\/#\/schema\/logo\/image\/\",\"url\":\"https:\/\/weekendartistes.fr\/wp-content\/uploads\/2024\/04\/image-1.png\",\"contentUrl\":\"https:\/\/weekendartistes.fr\/wp-content\/uploads\/2024\/04\/image-1.png\",\"width\":600,\"height\":285,\"caption\":\"WEEKEND'ARTISTES\"},\"image\":{\"@id\":\"https:\/\/weekendartistes.fr\/#\/schema\/logo\/image\/\"},\"sameAs\":[\"https:\/\/www.facebook.com\/weekendartistes\/\",\"https:\/\/www.instagram.com\/weekendartistes_collectif\/\",\"https:\/\/www.youtube.com\/channel\/UCGN0uWAtadaOFnQSSakBU-Q\",\"https:\/\/www.linkedin.com\/in\/weekend-artistes-collectif-046296b4\/\"]}]}<\/script>\n<!-- \/ Yoast SEO plugin. -->","yoast_head_json":{"title":"About us - WEEKEND&#039;ARTISTES","robots":{"index":"index","follow":"follow","max-snippet":"max-snippet:-1","max-image-preview":"max-image-preview:large","max-video-preview":"max-video-preview:-1"},"canonical":"https:\/\/weekendartistes.fr\/en\/about-us\/","og_locale":"en_GB","og_type":"article","og_title":"About us - WEEKEND&#039;ARTISTES","og_description":"Get to know Weekend\u2019Artistes Innovation and Accessibility in Art in Lille Weekend&#8217;artistes is a Lille-based association founded in 2009 and [&hellip;]","og_url":"https:\/\/weekendartistes.fr\/en\/about-us\/","og_site_name":"WEEKEND&#039;ARTISTES","article_publisher":"https:\/\/www.facebook.com\/weekendartistes\/","article_modified_time":"2024-06-11T18:14:13+00:00","og_image":[{"url":"https:\/\/weekendartistes.fr\/wp-content\/uploads\/2024\/05\/graffiti_cat-1024x1024.jpeg"}],"twitter_card":"summary_large_image","twitter_misc":{"Estimated reading time":"2 minutes"},"schema":{"@context":"https:\/\/schema.org","@graph":[{"@type":"WebPage","@id":"https:\/\/weekendartistes.fr\/en\/about-us\/","url":"https:\/\/weekendartistes.fr\/en\/about-us\/","name":"About us - WEEKEND&#039;ARTISTES","isPartOf":{"@id":"https:\/\/weekendartistes.fr\/#website"},"primaryImageOfPage":{"@id":"https:\/\/weekendartistes.fr\/en\/about-us\/#primaryimage"},"image":{"@id":"https:\/\/weekendartistes.fr\/en\/about-us\/#primaryimage"},"thumbnailUrl":"https:\/\/weekendartistes.fr\/wp-content\/uploads\/2024\/05\/graffiti_cat-1024x1024.jpeg","datePublished":"2024-04-30T16:24:45+00:00","dateModified":"2024-06-11T18:14:13+00:00","breadcrumb":{"@id":"https:\/\/weekendartistes.fr\/en\/about-us\/#breadcrumb"},"inLanguage":"en-GB","potentialAction":[{"@type":"ReadAction","target":["https:\/\/weekendartistes.fr\/en\/about-us\/"]}]},{"@type":"ImageObject","inLanguage":"en-GB","@id":"https:\/\/weekendartistes.fr\/en\/about-us\/#primaryimage","url":"https:\/\/weekendartistes.fr\/wp-content\/uploads\/2024\/05\/graffiti_cat-1024x1024.jpeg","contentUrl":"https:\/\/weekendartistes.fr\/wp-content\/uploads\/2024\/05\/graffiti_cat-1024x1024.jpeg"},{"@type":"BreadcrumbList","@id":"https:\/\/weekendartistes.fr\/en\/about-us\/#breadcrumb","itemListElement":[{"@type":"ListItem","position":1,"name":"Accueil","item":"https:\/\/weekendartistes.fr\/en\/"},{"@type":"ListItem","position":2,"name":"About us"}]},{"@type":"WebSite","@id":"https:\/\/weekendartistes.fr\/#website","url":"https:\/\/weekendartistes.fr\/","name":"WEEKEND'ARTISTES","description":"","publisher":{"@id":"https:\/\/weekendartistes.fr\/#organization"},"potentialAction":[{"@type":"SearchAction","target":{"@type":"EntryPoint","urlTemplate":"https:\/\/weekendartistes.fr\/?s={search_term_string}"},"query-input":"required name=search_term_string"}],"inLanguage":"en-GB"},{"@type":"Organization","@id":"https:\/\/weekendartistes.fr\/#organization","name":"WEEKEND'ARTISTES","url":"https:\/\/weekendartistes.fr\/","logo":{"@type":"ImageObject","inLanguage":"en-GB","@id":"https:\/\/weekendartistes.fr\/#\/schema\/logo\/image\/","url":"https:\/\/weekendartistes.fr\/wp-content\/uploads\/2024\/04\/image-1.png","contentUrl":"https:\/\/weekendartistes.fr\/wp-content\/uploads\/2024\/04\/image-1.png","width":600,"height":285,"caption":"WEEKEND'ARTISTES"},"image":{"@id":"https:\/\/weekendartistes.fr\/#\/schema\/logo\/image\/"},"sameAs":["https:\/\/www.facebook.com\/weekendartistes\/","https:\/\/www.instagram.com\/weekendartistes_collectif\/","https:\/\/www.youtube.com\/channel\/UCGN0uWAtadaOFnQSSakBU-Q","https:\/\/www.linkedin.com\/in\/weekend-artistes-collectif-046296b4\/"]}]}},"_links":{"self":[{"href":"https:\/\/weekendartistes.fr\/en\/wp-json\/wp\/v2\/pages\/659"}],"collection":[{"href":"https:\/\/weekendartistes.fr\/en\/wp-json\/wp\/v2\/pages"}],"about":[{"href":"https:\/\/weekendartistes.fr\/en\/wp-json\/wp\/v2\/types\/page"}],"author":[{"embeddable":true,"href":"https:\/\/weekendartistes.fr\/en\/wp-json\/wp\/v2\/users\/1"}],"replies":[{"embeddable":true,"href":"https:\/\/weekendartistes.fr\/en\/wp-json\/wp\/v2\/comments?post=659"}],"version-history":[{"count":14,"href":"https:\/\/weekendartistes.fr\/en\/wp-json\/wp\/v2\/pages\/659\/revisions"}],"predecessor-version":[{"id":1135,"href":"https:\/\/weekendartistes.fr\/en\/wp-json\/wp\/v2\/pages\/659\/revisions\/1135"}],"wp:attachment":[{"href":"https:\/\/weekendartistes.fr\/en\/wp-json\/wp\/v2\/media?parent=659"}],"curies":[{"name":"wp","href":"https:\/\/api.w.org\/{rel}","templated":true}]}}